{"id":51,"date":"2023-05-08T09:35:46","date_gmt":"2023-05-08T08:35:46","guid":{"rendered":"https:\/\/paddlingacademy.fi\/?page_id=51"},"modified":"2026-03-25T09:19:17","modified_gmt":"2026-03-25T09:19:17","slug":"paddlingsturer","status":"publish","type":"page","link":"https:\/\/paddlingacademy.fi\/sv\/melontaretket\/","title":{"rendered":"Kajakpaddling turer"},"content":{"rendered":"","protected":false},"excerpt":{"rendered":"","protected":false},"author":1,"featured_media":0,"parent":0,"menu_order":0,"comment_status":"closed","ping_status":"closed","template":"","meta":{"_acf_changed":false,"_seopress_robots_primary_cat":"","_seopress_titles_title":"Opastetut melontaretket ja melontavaellukset Saaristomerell\u00e4 ja Saaristomeren Kansallispuistossa, Korppoo","_seopress_titles_desc":"Melonta Akatemia on Saaristomeren melontakeskus. Tarjoamme Saaristomeren Kansallispuistossa melontaretki\u00e4, melontakursseja ja kajakin vuokrausta.\r\n-Opastettu melontaretki - melontavaellus - Y\u00f6tt\u00f6m\u00e4n y\u00f6n retki - Yksityinen melontaretki - Omatoimimelontaretki - Kajakin vuokraus Saaristomerell\u00e4.","_seopress_robots_index":"","uix_meta_title":"","uix_meta_description":"","uix_canonical_url":"","footnotes":""},"class_list":["post-51","page","type-page","status-publish","hentry"],"acf":[],"_links":{"self":[{"href":"https:\/\/paddlingacademy.fi\/sv\/wp-json\/wp\/v2\/pages\/51","targetHints":{"allow":["GET"]}}],"collection":[{"href":"https:\/\/paddlingacademy.fi\/sv\/wp-json\/wp\/v2\/pages"}],"about":[{"href":"https:\/\/paddlingacademy.fi\/sv\/wp-json\/wp\/v2\/types\/page"}],"author":[{"embeddable":true,"href":"https:\/\/paddlingacademy.fi\/sv\/wp-json\/wp\/v2\/users\/1"}],"replies":[{"embeddable":true,"href":"https:\/\/paddlingacademy.fi\/sv\/wp-json\/wp\/v2\/comments?post=51"}],"version-history":[{"count":34,"href":"https:\/\/paddlingacademy.fi\/sv\/wp-json\/wp\/v2\/pages\/51\/revisions"}],"predecessor-version":[{"id":1931,"href":"https:\/\/paddlingacademy.fi\/sv\/wp-json\/wp\/v2\/pages\/51\/revisions\/1931"}],"wp:attachment":[{"href":"https:\/\/paddlingacademy.fi\/sv\/wp-json\/wp\/v2\/media?parent=51"}],"curies":[{"name":"wp","href":"https:\/\/api.w.org\/{rel}","templated":true}]}}