{"id":50,"date":"2023-05-08T09:35:46","date_gmt":"2023-05-08T08:35:46","guid":{"rendered":"https:\/\/paddlingacademy.fi\/?page_id=50"},"modified":"2026-03-09T10:18:11","modified_gmt":"2026-03-09T10:18:11","slug":"information-about-us","status":"publish","type":"page","link":"https:\/\/paddlingacademy.fi\/en\/tietoa-meista\/","title":{"rendered":"About us"},"content":{"rendered":"","protected":false},"excerpt":{"rendered":"","protected":false},"author":1,"featured_media":0,"parent":0,"menu_order":0,"comment_status":"closed","ping_status":"closed","template":"","meta":{"_acf_changed":false,"_seopress_robots_primary_cat":"","_seopress_titles_title":"Opastettu melontaretki, melontavaellus Saaristomerell\u00e4, merimelontakurssi, melonnan jatkokurssi, Saariston melontakeskus, Saaristomeren Kansallispuisto","_seopress_titles_desc":"Melonta Akatemia on Saaristomeren melontakeskus. Tarjoamme Saaristomeren Kansallispuistossa melontaretki\u00e4, melontakursseja ja kajakin vuokrausta.\r\n-Opastettu melontaretki - melontavaellus - Y\u00f6tt\u00f6m\u00e4n y\u00f6n retki - Melonnan peruskurssi - Melonnan Jatkokurssi - Omatoimimelontaretki - Kajakin vuokraus Saaristomerell\u00e4 - Merimelontaopas - Melontakouluttaja - Suomen Merimelontayhdistys - Melontaretki Saaristomerell\u00e4","_seopress_robots_index":"","uix_meta_title":"","uix_meta_description":"","uix_canonical_url":"","footnotes":""},"class_list":["post-50","page","type-page","status-publish","hentry"],"acf":[],"_links":{"self":[{"href":"https:\/\/paddlingacademy.fi\/en\/wp-json\/wp\/v2\/pages\/50","targetHints":{"allow":["GET"]}}],"collection":[{"href":"https:\/\/paddlingacademy.fi\/en\/wp-json\/wp\/v2\/pages"}],"about":[{"href":"https:\/\/paddlingacademy.fi\/en\/wp-json\/wp\/v2\/types\/page"}],"author":[{"embeddable":true,"href":"https:\/\/paddlingacademy.fi\/en\/wp-json\/wp\/v2\/users\/1"}],"replies":[{"embeddable":true,"href":"https:\/\/paddlingacademy.fi\/en\/wp-json\/wp\/v2\/comments?post=50"}],"version-history":[{"count":46,"href":"https:\/\/paddlingacademy.fi\/en\/wp-json\/wp\/v2\/pages\/50\/revisions"}],"predecessor-version":[{"id":1824,"href":"https:\/\/paddlingacademy.fi\/en\/wp-json\/wp\/v2\/pages\/50\/revisions\/1824"}],"wp:attachment":[{"href":"https:\/\/paddlingacademy.fi\/en\/wp-json\/wp\/v2\/media?parent=50"}],"curies":[{"name":"wp","href":"https:\/\/api.w.org\/{rel}","templated":true}]}}